{"id":97,"date":"2024-06-08T11:57:30","date_gmt":"2024-06-08T09:57:30","guid":{"rendered":"https:\/\/www.kancompany.sk\/?page_id=97"},"modified":"2024-06-08T12:20:03","modified_gmt":"2024-06-08T10:20:03","slug":"mzdy-a-personalistika","status":"publish","type":"page","link":"https:\/\/www.kancompany.sk\/?page_id=97","title":{"rendered":"Mzdy a personalistika"},"content":{"rendered":"\n<p class=\"has-large-font-size\"><strong>SPRACOVANIE MIEZD<\/strong><\/p>\n\n\n\n<ul class=\"wp-block-list\">\n<li>V\u00fdpo\u010det miezd pod\u013ea evidencie doch\u00e1dzky<\/li>\n\n\n\n<li>Vyhotovenie v\u00fdplatn\u00fdch list\u00edn<\/li>\n\n\n\n<li>Vedenie mzdov\u00fdch listov<\/li>\n\n\n\n<li>Vyhotovenie mesa\u010dn\u00fdch v\u00fdkazov do zdravotn\u00fdch pois\u0165ovn\u00ed<\/li>\n\n\n\n<li>Vyhotovenie mesa\u010dn\u00fdch v\u00fdkazov do soci\u00e1lnej pois\u0165ovne<\/li>\n\n\n\n<li>Vystavenie pr\u00edkazu na \u00fahradu miezd, poistn\u00e9ho a zrazenej dane<\/li>\n\n\n\n<li>Ro\u010dn\u00e9 z\u00fa\u010dtovanie preddavkov na da\u0148 z pr\u00edjmov zo z\u00e1vislej \u010dinnosti<\/li>\n\n\n\n<li>Ro\u010dn\u00e9 z\u00fa\u010dtovanie zdravotn\u00e9ho poistenia<\/li>\n\n\n\n<li>Vypracovanie mesa\u010dn\u00e9ho preh\u013eadu o zrazen\u00fdch a odveden\u00fdch preddavkoch<\/li>\n\n\n\n<li>Vypracovanie ro\u010dn\u00e9ho hl\u00e1senia o vy\u00fa\u010dtovan\u00ed dane z pr\u00edjmov FO zo z\u00e1vislej \u010dinnosti<\/li>\n\n\n\n<li>Zasielanie v\u0161etk\u00fdch v\u00fdkazov a potvrden\u00ed<\/li>\n<\/ul>\n\n\n\n<p class=\"has-large-font-size\"><strong>PERSONALISTIKA<\/strong><\/p>\n\n\n\n<ul class=\"wp-block-list\">\n<li>Udr\u017eiavanie person\u00e1lnych zlo\u017eiek zamestnancov spolo\u010dnosti pod\u013ea platnej legislat\u00edvy<\/li>\n\n\n\n<li>Zabezpe\u010denie administrat\u00edvneho procesu pri n\u00e1stupe a&nbsp;odchode zamestnancov, komunik\u00e1cia s&nbsp;\u00faradmi a&nbsp;in\u0161tit\u00faciami, pracovnopr\u00e1vne slu\u017eby<\/li>\n\n\n\n<li>Nepretr\u017eit\u00e1 podpora pre HR t\u00edm a&nbsp;zamestnancov spolo\u010dnosti v&nbsp;pr\u00edpade rie\u0161enia mzdov\u00fdch ot\u00e1zok<\/li>\n\n\n\n<li>Zhotovenie r\u00f4znych dokumentov a&nbsp;potvrden\u00ed pre zamestnancov na po\u017eiadanie<\/li>\n\n\n\n<li>Kontrola a&nbsp;pos\u00fadenie aktu\u00e1lnych pracovn\u00fdch zml\u00fav<\/li>\n\n\n\n<li>Pr\u00edprava a&nbsp;zhotovenie nov\u00fdch pracovn\u00fdch zml\u00fav<\/li>\n\n\n\n<li>Pr\u00edprava a&nbsp;zhotovenie dodatkov k&nbsp;pracovn\u00fdm zmluv\u00e1m<\/li>\n\n\n\n<li>Pomoc a&nbsp;podpora pri zhotovovan\u00ed intern\u00fdch smern\u00edc HR agendy a&nbsp;nastavovan\u00ed procesov<\/li>\n<\/ul>\n\n\n\n<p class=\"has-large-font-size\"><strong>CENN\u00cdK<\/strong><\/p>\n\n\n\n<p>Na\u0161e slu\u017eby s\u00fa zalo\u017een\u00e9 na individu\u00e1lnom a profesion\u00e1lnom pr\u00edstupe k n\u00e1\u0161mu klientovi. Cena je v\u017edy v\u00fdsledkom vz\u00e1jomnej dohody. Cenu V\u00e1m vypo\u010d\u00edtame v z\u00e1vislosti od rozsahu po\u017eadovan\u00fdch slu\u017eieb, o ktor\u00e9 m\u00e1te z\u00e1ujem a od Va\u0161ej pr\u00e1vnej formy podnikania.<\/p>\n","protected":false},"excerpt":{"rendered":"<p>SPRACOVANIE MIEZD PERSONALISTIKA CENN\u00cdK Na\u0161e slu\u017eby s\u00fa zalo\u017een\u00e9 na individu\u00e1lnom a profesion\u00e1lnom pr\u00edstupe k n\u00e1\u0161mu klientovi. Cena je v\u017edy v\u00fdsledkom vz\u00e1jomnej dohody. Cenu V\u00e1m vypo\u010d\u00edtame &hellip;<\/p>\n","protected":false},"author":1,"featured_media":52,"parent":0,"menu_order":0,"comment_status":"closed","ping_status":"closed","template":"","meta":{"_monsterinsights_skip_tracking":false,"_monsterinsights_sitenote_active":false,"_monsterinsights_sitenote_note":"","_monsterinsights_sitenote_category":0,"footnotes":""},"class_list":["post-97","page","type-page","status-publish","has-post-thumbnail","hentry"],"yoast_head":"<!-- This site is optimized with the Yoast SEO plugin v27.1.1 - https:\/\/yoast.com\/product\/yoast-seo-wordpress\/ -->\n<title>Mzdy a personalistika - K\u00e1n company, s.r.o.<\/title>\n<meta name=\"robots\" content=\"index, follow, max-snippet:-1, max-image-preview:large, max-video-preview:-1\" \/>\n<link rel=\"canonical\" href=\"https:\/\/www.kancompany.sk\/?page_id=97\" \/>\n<meta property=\"og:locale\" content=\"sk_SK\" \/>\n<meta property=\"og:type\" content=\"article\" \/>\n<meta property=\"og:title\" content=\"Mzdy a personalistika - K\u00e1n company, s.r.o.\" \/>\n<meta property=\"og:description\" content=\"SPRACOVANIE MIEZD PERSONALISTIKA CENN\u00cdK Na\u0161e slu\u017eby s\u00fa zalo\u017een\u00e9 na individu\u00e1lnom a profesion\u00e1lnom pr\u00edstupe k n\u00e1\u0161mu klientovi. Cena je v\u017edy v\u00fdsledkom vz\u00e1jomnej dohody. Cenu V\u00e1m vypo\u010d\u00edtame &hellip;\" \/>\n<meta property=\"og:url\" content=\"https:\/\/www.kancompany.sk\/?page_id=97\" \/>\n<meta property=\"og:site_name\" content=\"K\u00e1n company, s.r.o.\" \/>\n<meta property=\"article:modified_time\" content=\"2024-06-08T10:20:03+00:00\" \/>\n<meta property=\"og:image\" content=\"https:\/\/www.kancompany.sk\/wp-content\/uploads\/2024\/06\/accounting-PUDDQ6E.jpg\" \/>\n\t<meta property=\"og:image:width\" content=\"1980\" \/>\n\t<meta property=\"og:image:height\" content=\"1320\" \/>\n\t<meta property=\"og:image:type\" content=\"image\/jpeg\" \/>\n<meta name=\"twitter:card\" content=\"summary_large_image\" \/>\n<meta name=\"twitter:label1\" content=\"Predpokladan\u00fd \u010das \u010d\u00edtania\" \/>\n\t<meta name=\"twitter:data1\" content=\"2 min\u00faty\" \/>\n<script type=\"application\/ld+json\" class=\"yoast-schema-graph\">{\"@context\":\"https:\/\/schema.org\",\"@graph\":[{\"@type\":\"WebPage\",\"@id\":\"https:\/\/www.kancompany.sk\/?page_id=97\",\"url\":\"https:\/\/www.kancompany.sk\/?page_id=97\",\"name\":\"Mzdy a personalistika - K\u00e1n company, s.r.o.\",\"isPartOf\":{\"@id\":\"https:\/\/www.kancompany.sk\/#website\"},\"primaryImageOfPage\":{\"@id\":\"https:\/\/www.kancompany.sk\/?page_id=97#primaryimage\"},\"image\":{\"@id\":\"https:\/\/www.kancompany.sk\/?page_id=97#primaryimage\"},\"thumbnailUrl\":\"https:\/\/www.kancompany.sk\/wp-content\/uploads\/2024\/06\/accounting-PUDDQ6E.jpg\",\"datePublished\":\"2024-06-08T09:57:30+00:00\",\"dateModified\":\"2024-06-08T10:20:03+00:00\",\"breadcrumb\":{\"@id\":\"https:\/\/www.kancompany.sk\/?page_id=97#breadcrumb\"},\"inLanguage\":\"sk-SK\",\"potentialAction\":[{\"@type\":\"ReadAction\",\"target\":[\"https:\/\/www.kancompany.sk\/?page_id=97\"]}]},{\"@type\":\"ImageObject\",\"inLanguage\":\"sk-SK\",\"@id\":\"https:\/\/www.kancompany.sk\/?page_id=97#primaryimage\",\"url\":\"https:\/\/www.kancompany.sk\/wp-content\/uploads\/2024\/06\/accounting-PUDDQ6E.jpg\",\"contentUrl\":\"https:\/\/www.kancompany.sk\/wp-content\/uploads\/2024\/06\/accounting-PUDDQ6E.jpg\",\"width\":1980,\"height\":1320},{\"@type\":\"BreadcrumbList\",\"@id\":\"https:\/\/www.kancompany.sk\/?page_id=97#breadcrumb\",\"itemListElement\":[{\"@type\":\"ListItem\",\"position\":1,\"name\":\"Home\",\"item\":\"https:\/\/www.kancompany.sk\/\"},{\"@type\":\"ListItem\",\"position\":2,\"name\":\"Mzdy a personalistika\"}]},{\"@type\":\"WebSite\",\"@id\":\"https:\/\/www.kancompany.sk\/#website\",\"url\":\"https:\/\/www.kancompany.sk\/\",\"name\":\"K\u00e1n company, s.r.o.\",\"description\":\"Rodinn\u00e1 firma est. 2023\",\"potentialAction\":[{\"@type\":\"SearchAction\",\"target\":{\"@type\":\"EntryPoint\",\"urlTemplate\":\"https:\/\/www.kancompany.sk\/?s={search_term_string}\"},\"query-input\":{\"@type\":\"PropertyValueSpecification\",\"valueRequired\":true,\"valueName\":\"search_term_string\"}}],\"inLanguage\":\"sk-SK\"}]}<\/script>\n<!-- \/ Yoast SEO plugin. -->","yoast_head_json":{"title":"Mzdy a personalistika - K\u00e1n company, s.r.o.","robots":{"index":"index","follow":"follow","max-snippet":"max-snippet:-1","max-image-preview":"max-image-preview:large","max-video-preview":"max-video-preview:-1"},"canonical":"https:\/\/www.kancompany.sk\/?page_id=97","og_locale":"sk_SK","og_type":"article","og_title":"Mzdy a personalistika - K\u00e1n company, s.r.o.","og_description":"SPRACOVANIE MIEZD PERSONALISTIKA CENN\u00cdK Na\u0161e slu\u017eby s\u00fa zalo\u017een\u00e9 na individu\u00e1lnom a profesion\u00e1lnom pr\u00edstupe k n\u00e1\u0161mu klientovi. Cena je v\u017edy v\u00fdsledkom vz\u00e1jomnej dohody. Cenu V\u00e1m vypo\u010d\u00edtame &hellip;","og_url":"https:\/\/www.kancompany.sk\/?page_id=97","og_site_name":"K\u00e1n company, s.r.o.","article_modified_time":"2024-06-08T10:20:03+00:00","og_image":[{"width":1980,"height":1320,"url":"https:\/\/www.kancompany.sk\/wp-content\/uploads\/2024\/06\/accounting-PUDDQ6E.jpg","type":"image\/jpeg"}],"twitter_card":"summary_large_image","twitter_misc":{"Predpokladan\u00fd \u010das \u010d\u00edtania":"2 min\u00faty"},"schema":{"@context":"https:\/\/schema.org","@graph":[{"@type":"WebPage","@id":"https:\/\/www.kancompany.sk\/?page_id=97","url":"https:\/\/www.kancompany.sk\/?page_id=97","name":"Mzdy a personalistika - K\u00e1n company, s.r.o.","isPartOf":{"@id":"https:\/\/www.kancompany.sk\/#website"},"primaryImageOfPage":{"@id":"https:\/\/www.kancompany.sk\/?page_id=97#primaryimage"},"image":{"@id":"https:\/\/www.kancompany.sk\/?page_id=97#primaryimage"},"thumbnailUrl":"https:\/\/www.kancompany.sk\/wp-content\/uploads\/2024\/06\/accounting-PUDDQ6E.jpg","datePublished":"2024-06-08T09:57:30+00:00","dateModified":"2024-06-08T10:20:03+00:00","breadcrumb":{"@id":"https:\/\/www.kancompany.sk\/?page_id=97#breadcrumb"},"inLanguage":"sk-SK","potentialAction":[{"@type":"ReadAction","target":["https:\/\/www.kancompany.sk\/?page_id=97"]}]},{"@type":"ImageObject","inLanguage":"sk-SK","@id":"https:\/\/www.kancompany.sk\/?page_id=97#primaryimage","url":"https:\/\/www.kancompany.sk\/wp-content\/uploads\/2024\/06\/accounting-PUDDQ6E.jpg","contentUrl":"https:\/\/www.kancompany.sk\/wp-content\/uploads\/2024\/06\/accounting-PUDDQ6E.jpg","width":1980,"height":1320},{"@type":"BreadcrumbList","@id":"https:\/\/www.kancompany.sk\/?page_id=97#breadcrumb","itemListElement":[{"@type":"ListItem","position":1,"name":"Home","item":"https:\/\/www.kancompany.sk\/"},{"@type":"ListItem","position":2,"name":"Mzdy a personalistika"}]},{"@type":"WebSite","@id":"https:\/\/www.kancompany.sk\/#website","url":"https:\/\/www.kancompany.sk\/","name":"K\u00e1n company, s.r.o.","description":"Rodinn\u00e1 firma est. 2023","potentialAction":[{"@type":"SearchAction","target":{"@type":"EntryPoint","urlTemplate":"https:\/\/www.kancompany.sk\/?s={search_term_string}"},"query-input":{"@type":"PropertyValueSpecification","valueRequired":true,"valueName":"search_term_string"}}],"inLanguage":"sk-SK"}]}},"_links":{"self":[{"href":"https:\/\/www.kancompany.sk\/index.php?rest_route=\/wp\/v2\/pages\/97","targetHints":{"allow":["GET"]}}],"collection":[{"href":"https:\/\/www.kancompany.sk\/index.php?rest_route=\/wp\/v2\/pages"}],"about":[{"href":"https:\/\/www.kancompany.sk\/index.php?rest_route=\/wp\/v2\/types\/page"}],"author":[{"embeddable":true,"href":"https:\/\/www.kancompany.sk\/index.php?rest_route=\/wp\/v2\/users\/1"}],"replies":[{"embeddable":true,"href":"https:\/\/www.kancompany.sk\/index.php?rest_route=%2Fwp%2Fv2%2Fcomments&post=97"}],"version-history":[{"count":1,"href":"https:\/\/www.kancompany.sk\/index.php?rest_route=\/wp\/v2\/pages\/97\/revisions"}],"predecessor-version":[{"id":98,"href":"https:\/\/www.kancompany.sk\/index.php?rest_route=\/wp\/v2\/pages\/97\/revisions\/98"}],"wp:featuredmedia":[{"embeddable":true,"href":"https:\/\/www.kancompany.sk\/index.php?rest_route=\/wp\/v2\/media\/52"}],"wp:attachment":[{"href":"https:\/\/www.kancompany.sk\/index.php?rest_route=%2Fwp%2Fv2%2Fmedia&parent=97"}],"curies":[{"name":"wp","href":"https:\/\/api.w.org\/{rel}","templated":true}]}}