{"id":95,"date":"2024-06-08T11:56:14","date_gmt":"2024-06-08T09:56:14","guid":{"rendered":"https:\/\/www.kancompany.sk\/?page_id=95"},"modified":"2024-06-08T12:20:57","modified_gmt":"2024-06-08T10:20:57","slug":"uctovnictvo","status":"publish","type":"page","link":"https:\/\/www.kancompany.sk\/?page_id=95","title":{"rendered":"\u00da\u010dtovn\u00edctvo"},"content":{"rendered":"\n<p class=\"has-large-font-size\"><strong>\u00da\u010cTOVN\u00cdCTVO<\/strong><\/p>\n\n\n\n<p>Poskytujeme flexibiln\u00e9 spracovanie jednoduch\u00e9ho a&nbsp;podvojn\u00e9ho \u00fa\u010dtovn\u00edctva s individu\u00e1lnym pr\u00edstupom ku ka\u017ed\u00e9mu klientovi s oh\u013eadom na jeho z\u00e1ujmy a po\u017eiadavky.<\/p>\n\n\n\n<p>Garantujeme z\u00e1konnos\u0165 a spr\u00e1vnos\u0165 spracovania V\u00e1\u0161ho \u00fa\u010dtovn\u00edctva pod\u013ea aktu\u00e1lne platnej legislat\u00edvnej \u00fapravy.<\/p>\n\n\n\n<p>Poskytujeme prvotn\u00fa bezplatn\u00fa konzult\u00e1ciu s klientom, v r\u00e1mci ktorej sme schopn\u00ed odporu\u010di\u0165 klientovi najvhodnej\u0161ie rie\u0161enie spracovania \u00fa\u010dtovn\u00edctva s oh\u013eadom na pr\u00e1vne, finan\u010dn\u00e9 a da\u0148ov\u00e9 aspekty s cie\u013eom dosiahnutia spolupr\u00e1ce prospe\u0161nej v prvom rade pre klienta.<\/p>\n\n\n\n<p>Pod\u013ea po\u017eiadaviek klienta sme schopn\u00ed efekt\u00edvne spracova\u0165 kompletn\u00e9 jednoduch\u00e9 a podvojn\u00e9 \u00fa\u010dtovn\u00edctvo obchodn\u00fdch spolo\u010dnost\u00ed \u010di fyzick\u00fdch os\u00f4b, neziskov\u00fdch organiz\u00e1ci\u00ed, ob\u010dianskych zdru\u017een\u00ed, da\u0148ov\u00e9 priznanie platcov DPH, da\u0148 z motorov\u00fdch vozidiel.<\/p>\n\n\n\n<p>Prvorad\u00e1 je pre n\u00e1s spokojnos\u0165 klienta, preto sa sna\u017e\u00edme neust\u00e1le zlep\u0161ova\u0165 a vyv\u00edja\u0165 v r\u00e1mci na\u0161ich poskytovan\u00fdch slu\u017eieb.<\/p>\n\n\n\n<p class=\"has-large-font-size\"><strong>DA\u0147OV\u00c9 PRIZNANIA<\/strong><\/p>\n\n\n\n<p>Pon\u00fakame spracovanie da\u0148ov\u00e9ho priznania pre fyzick\u00e9 a&nbsp;pr\u00e1vnick\u00e9 osoby pod\u013ea potreby klienta.<\/p>\n\n\n\n<p class=\"has-large-font-size\"><strong>CENN\u00cdK<\/strong><\/p>\n\n\n\n<p>Na\u0161e slu\u017eby s\u00fa zalo\u017een\u00e9 na individu\u00e1lnom a profesion\u00e1lnom pr\u00edstupe k n\u00e1\u0161mu klientovi. Cena je v\u017edy v\u00fdsledkom vz\u00e1jomnej dohody. Cenu V\u00e1m vypo\u010d\u00edtame v z\u00e1vislosti od rozsahu po\u017eadovan\u00fdch slu\u017eieb, o ktor\u00e9 m\u00e1te z\u00e1ujem a od Va\u0161ej pr\u00e1vnej formy podnikania.<\/p>\n","protected":false},"excerpt":{"rendered":"<p>\u00da\u010cTOVN\u00cdCTVO Poskytujeme flexibiln\u00e9 spracovanie jednoduch\u00e9ho a&nbsp;podvojn\u00e9ho \u00fa\u010dtovn\u00edctva s individu\u00e1lnym pr\u00edstupom ku ka\u017ed\u00e9mu klientovi s oh\u013eadom na jeho z\u00e1ujmy a po\u017eiadavky. Garantujeme z\u00e1konnos\u0165 a spr\u00e1vnos\u0165 spracovania &hellip;<\/p>\n","protected":false},"author":1,"featured_media":48,"parent":0,"menu_order":0,"comment_status":"closed","ping_status":"closed","template":"","meta":{"_monsterinsights_skip_tracking":false,"_monsterinsights_sitenote_active":false,"_monsterinsights_sitenote_note":"","_monsterinsights_sitenote_category":0,"footnotes":""},"class_list":["post-95","page","type-page","status-publish","has-post-thumbnail","hentry"],"yoast_head":"<!-- This site is optimized with the Yoast SEO plugin v27.1.1 - https:\/\/yoast.com\/product\/yoast-seo-wordpress\/ -->\n<title>\u00da\u010dtovn\u00edctvo - K\u00e1n company, s.r.o.<\/title>\n<meta name=\"robots\" content=\"index, follow, max-snippet:-1, max-image-preview:large, max-video-preview:-1\" \/>\n<link rel=\"canonical\" href=\"https:\/\/www.kancompany.sk\/?page_id=95\" \/>\n<meta property=\"og:locale\" content=\"sk_SK\" \/>\n<meta property=\"og:type\" content=\"article\" \/>\n<meta property=\"og:title\" content=\"\u00da\u010dtovn\u00edctvo - K\u00e1n company, s.r.o.\" \/>\n<meta property=\"og:description\" content=\"\u00da\u010cTOVN\u00cdCTVO Poskytujeme flexibiln\u00e9 spracovanie jednoduch\u00e9ho a&nbsp;podvojn\u00e9ho \u00fa\u010dtovn\u00edctva s individu\u00e1lnym pr\u00edstupom ku ka\u017ed\u00e9mu klientovi s oh\u013eadom na jeho z\u00e1ujmy a po\u017eiadavky. Garantujeme z\u00e1konnos\u0165 a spr\u00e1vnos\u0165 spracovania &hellip;\" \/>\n<meta property=\"og:url\" content=\"https:\/\/www.kancompany.sk\/?page_id=95\" \/>\n<meta property=\"og:site_name\" content=\"K\u00e1n company, s.r.o.\" \/>\n<meta property=\"article:modified_time\" content=\"2024-06-08T10:20:57+00:00\" \/>\n<meta property=\"og:image\" content=\"https:\/\/www.kancompany.sk\/wp-content\/uploads\/2024\/06\/gettyimages-1096860416-768x513-1.jpg\" \/>\n\t<meta property=\"og:image:width\" content=\"768\" \/>\n\t<meta property=\"og:image:height\" content=\"513\" \/>\n\t<meta property=\"og:image:type\" content=\"image\/jpeg\" \/>\n<meta name=\"twitter:card\" content=\"summary_large_image\" \/>\n<meta name=\"twitter:label1\" content=\"Predpokladan\u00fd \u010das \u010d\u00edtania\" \/>\n\t<meta name=\"twitter:data1\" content=\"2 min\u00faty\" \/>\n<script type=\"application\/ld+json\" class=\"yoast-schema-graph\">{\"@context\":\"https:\/\/schema.org\",\"@graph\":[{\"@type\":\"WebPage\",\"@id\":\"https:\/\/www.kancompany.sk\/?page_id=95\",\"url\":\"https:\/\/www.kancompany.sk\/?page_id=95\",\"name\":\"\u00da\u010dtovn\u00edctvo - K\u00e1n company, s.r.o.\",\"isPartOf\":{\"@id\":\"https:\/\/www.kancompany.sk\/#website\"},\"primaryImageOfPage\":{\"@id\":\"https:\/\/www.kancompany.sk\/?page_id=95#primaryimage\"},\"image\":{\"@id\":\"https:\/\/www.kancompany.sk\/?page_id=95#primaryimage\"},\"thumbnailUrl\":\"https:\/\/www.kancompany.sk\/wp-content\/uploads\/2024\/06\/gettyimages-1096860416-768x513-1.jpg\",\"datePublished\":\"2024-06-08T09:56:14+00:00\",\"dateModified\":\"2024-06-08T10:20:57+00:00\",\"breadcrumb\":{\"@id\":\"https:\/\/www.kancompany.sk\/?page_id=95#breadcrumb\"},\"inLanguage\":\"sk-SK\",\"potentialAction\":[{\"@type\":\"ReadAction\",\"target\":[\"https:\/\/www.kancompany.sk\/?page_id=95\"]}]},{\"@type\":\"ImageObject\",\"inLanguage\":\"sk-SK\",\"@id\":\"https:\/\/www.kancompany.sk\/?page_id=95#primaryimage\",\"url\":\"https:\/\/www.kancompany.sk\/wp-content\/uploads\/2024\/06\/gettyimages-1096860416-768x513-1.jpg\",\"contentUrl\":\"https:\/\/www.kancompany.sk\/wp-content\/uploads\/2024\/06\/gettyimages-1096860416-768x513-1.jpg\",\"width\":768,\"height\":513},{\"@type\":\"BreadcrumbList\",\"@id\":\"https:\/\/www.kancompany.sk\/?page_id=95#breadcrumb\",\"itemListElement\":[{\"@type\":\"ListItem\",\"position\":1,\"name\":\"Home\",\"item\":\"https:\/\/www.kancompany.sk\/\"},{\"@type\":\"ListItem\",\"position\":2,\"name\":\"\u00da\u010dtovn\u00edctvo\"}]},{\"@type\":\"WebSite\",\"@id\":\"https:\/\/www.kancompany.sk\/#website\",\"url\":\"https:\/\/www.kancompany.sk\/\",\"name\":\"K\u00e1n company, s.r.o.\",\"description\":\"Rodinn\u00e1 firma est. 2023\",\"potentialAction\":[{\"@type\":\"SearchAction\",\"target\":{\"@type\":\"EntryPoint\",\"urlTemplate\":\"https:\/\/www.kancompany.sk\/?s={search_term_string}\"},\"query-input\":{\"@type\":\"PropertyValueSpecification\",\"valueRequired\":true,\"valueName\":\"search_term_string\"}}],\"inLanguage\":\"sk-SK\"}]}<\/script>\n<!-- \/ Yoast SEO plugin. -->","yoast_head_json":{"title":"\u00da\u010dtovn\u00edctvo - K\u00e1n company, s.r.o.","robots":{"index":"index","follow":"follow","max-snippet":"max-snippet:-1","max-image-preview":"max-image-preview:large","max-video-preview":"max-video-preview:-1"},"canonical":"https:\/\/www.kancompany.sk\/?page_id=95","og_locale":"sk_SK","og_type":"article","og_title":"\u00da\u010dtovn\u00edctvo - K\u00e1n company, s.r.o.","og_description":"\u00da\u010cTOVN\u00cdCTVO Poskytujeme flexibiln\u00e9 spracovanie jednoduch\u00e9ho a&nbsp;podvojn\u00e9ho \u00fa\u010dtovn\u00edctva s individu\u00e1lnym pr\u00edstupom ku ka\u017ed\u00e9mu klientovi s oh\u013eadom na jeho z\u00e1ujmy a po\u017eiadavky. Garantujeme z\u00e1konnos\u0165 a spr\u00e1vnos\u0165 spracovania &hellip;","og_url":"https:\/\/www.kancompany.sk\/?page_id=95","og_site_name":"K\u00e1n company, s.r.o.","article_modified_time":"2024-06-08T10:20:57+00:00","og_image":[{"width":768,"height":513,"url":"https:\/\/www.kancompany.sk\/wp-content\/uploads\/2024\/06\/gettyimages-1096860416-768x513-1.jpg","type":"image\/jpeg"}],"twitter_card":"summary_large_image","twitter_misc":{"Predpokladan\u00fd \u010das \u010d\u00edtania":"2 min\u00faty"},"schema":{"@context":"https:\/\/schema.org","@graph":[{"@type":"WebPage","@id":"https:\/\/www.kancompany.sk\/?page_id=95","url":"https:\/\/www.kancompany.sk\/?page_id=95","name":"\u00da\u010dtovn\u00edctvo - K\u00e1n company, s.r.o.","isPartOf":{"@id":"https:\/\/www.kancompany.sk\/#website"},"primaryImageOfPage":{"@id":"https:\/\/www.kancompany.sk\/?page_id=95#primaryimage"},"image":{"@id":"https:\/\/www.kancompany.sk\/?page_id=95#primaryimage"},"thumbnailUrl":"https:\/\/www.kancompany.sk\/wp-content\/uploads\/2024\/06\/gettyimages-1096860416-768x513-1.jpg","datePublished":"2024-06-08T09:56:14+00:00","dateModified":"2024-06-08T10:20:57+00:00","breadcrumb":{"@id":"https:\/\/www.kancompany.sk\/?page_id=95#breadcrumb"},"inLanguage":"sk-SK","potentialAction":[{"@type":"ReadAction","target":["https:\/\/www.kancompany.sk\/?page_id=95"]}]},{"@type":"ImageObject","inLanguage":"sk-SK","@id":"https:\/\/www.kancompany.sk\/?page_id=95#primaryimage","url":"https:\/\/www.kancompany.sk\/wp-content\/uploads\/2024\/06\/gettyimages-1096860416-768x513-1.jpg","contentUrl":"https:\/\/www.kancompany.sk\/wp-content\/uploads\/2024\/06\/gettyimages-1096860416-768x513-1.jpg","width":768,"height":513},{"@type":"BreadcrumbList","@id":"https:\/\/www.kancompany.sk\/?page_id=95#breadcrumb","itemListElement":[{"@type":"ListItem","position":1,"name":"Home","item":"https:\/\/www.kancompany.sk\/"},{"@type":"ListItem","position":2,"name":"\u00da\u010dtovn\u00edctvo"}]},{"@type":"WebSite","@id":"https:\/\/www.kancompany.sk\/#website","url":"https:\/\/www.kancompany.sk\/","name":"K\u00e1n company, s.r.o.","description":"Rodinn\u00e1 firma est. 2023","potentialAction":[{"@type":"SearchAction","target":{"@type":"EntryPoint","urlTemplate":"https:\/\/www.kancompany.sk\/?s={search_term_string}"},"query-input":{"@type":"PropertyValueSpecification","valueRequired":true,"valueName":"search_term_string"}}],"inLanguage":"sk-SK"}]}},"_links":{"self":[{"href":"https:\/\/www.kancompany.sk\/index.php?rest_route=\/wp\/v2\/pages\/95","targetHints":{"allow":["GET"]}}],"collection":[{"href":"https:\/\/www.kancompany.sk\/index.php?rest_route=\/wp\/v2\/pages"}],"about":[{"href":"https:\/\/www.kancompany.sk\/index.php?rest_route=\/wp\/v2\/types\/page"}],"author":[{"embeddable":true,"href":"https:\/\/www.kancompany.sk\/index.php?rest_route=\/wp\/v2\/users\/1"}],"replies":[{"embeddable":true,"href":"https:\/\/www.kancompany.sk\/index.php?rest_route=%2Fwp%2Fv2%2Fcomments&post=95"}],"version-history":[{"count":2,"href":"https:\/\/www.kancompany.sk\/index.php?rest_route=\/wp\/v2\/pages\/95\/revisions"}],"predecessor-version":[{"id":113,"href":"https:\/\/www.kancompany.sk\/index.php?rest_route=\/wp\/v2\/pages\/95\/revisions\/113"}],"wp:featuredmedia":[{"embeddable":true,"href":"https:\/\/www.kancompany.sk\/index.php?rest_route=\/wp\/v2\/media\/48"}],"wp:attachment":[{"href":"https:\/\/www.kancompany.sk\/index.php?rest_route=%2Fwp%2Fv2%2Fmedia&parent=95"}],"curies":[{"name":"wp","href":"https:\/\/api.w.org\/{rel}","templated":true}]}}