{"id":93,"date":"2024-06-08T11:49:52","date_gmt":"2024-06-08T09:49:52","guid":{"rendered":"https:\/\/www.kancompany.sk\/?page_id=93"},"modified":"2024-06-15T17:26:31","modified_gmt":"2024-06-15T15:26:31","slug":"zemne-prace","status":"publish","type":"page","link":"https:\/\/www.kancompany.sk\/?page_id=93","title":{"rendered":"Zemn\u00e9 pr\u00e1ce"},"content":{"rendered":"\n<p class=\"has-large-font-size\"><strong>VOLVO BL71 PLUS<\/strong> <strong>&#8211; r\u00fdpadlo + naklada\u010d<\/strong><\/p>\n\n\n\n<figure class=\"wp-block-image size-full\"><img loading=\"lazy\" decoding=\"async\" width=\"720\" height=\"480\" src=\"https:\/\/www.kancompany.sk\/wp-content\/uploads\/2024\/06\/thumb_1788277_item_image_normal.jpeg\" alt=\"\" class=\"wp-image-43\" srcset=\"https:\/\/www.kancompany.sk\/wp-content\/uploads\/2024\/06\/thumb_1788277_item_image_normal.jpeg 720w, https:\/\/www.kancompany.sk\/wp-content\/uploads\/2024\/06\/thumb_1788277_item_image_normal-300x200.jpeg 300w, https:\/\/www.kancompany.sk\/wp-content\/uploads\/2024\/06\/thumb_1788277_item_image_normal-421x281.jpeg 421w\" sizes=\"auto, (max-width: 720px) 100vw, 720px\" \/><\/figure>\n\n\n\n<p class=\"has-large-font-size\"><strong>Technick\u00e1 \u0161pecifik\u00e1cia a vybavenie:<\/strong><\/p>\n\n\n\n<p><strong>Maxim\u00e1lny dosah:<\/strong> 6,80m<\/p>\n\n\n\n<p><strong>H\u013abkov\u00fd dosah:<\/strong> 5,35m<\/p>\n\n\n\n<p><strong>\u0160\u00edrka ly\u017eice:<\/strong> 2,35m<\/p>\n\n\n\n<p><strong>Maxim\u00e1lna v\u00fdsypn\u00e1 v\u00fd\u0161ka:<\/strong> 5,55m<\/p>\n\n\n\n<p><strong>Paletovacie vidly: <\/strong>do 1,8 tony<\/p>\n\n\n\n<p><strong>Ly\u017eice zubat\u00e9:<\/strong> 90cm, 60cm, 30cm<\/p>\n\n\n\n<p><strong>Ly\u017eice hladk\u00e9:<\/strong> 150cm, 90cm, 50cm<\/p>\n\n\n\n<p class=\"has-large-font-size\"><strong>Cenn\u00edk:<\/strong><\/p>\n\n\n\n<p><strong>Z\u00e1kladn\u00e1 ly\u017eica:<\/strong> 35,00\u20ac\/hod.<\/p>\n\n\n\n<p><strong>Paletovacie vidly:<\/strong> 36,00\u20ac\/hod.<\/p>\n\n\n\n<p><strong>Presun stroja:<\/strong> 35,00\u20ac\/hod.<\/p>\n\n\n\n<p>V\u0161etky ceny s\u00fa uveden\u00e9 bez DPH.<\/p>\n\n\n\n<p class=\"has-large-font-size\"><strong>HITACHI ZX33U-5A<\/strong><\/p>\n\n\n\n<figure class=\"wp-block-image size-large\"><img loading=\"lazy\" decoding=\"async\" width=\"1024\" height=\"771\" src=\"https:\/\/www.kancompany.sk\/wp-content\/uploads\/2024\/06\/1717435919015-1024x771.jpg\" alt=\"\" class=\"wp-image-45\" srcset=\"https:\/\/www.kancompany.sk\/wp-content\/uploads\/2024\/06\/1717435919015-1024x771.jpg 1024w, https:\/\/www.kancompany.sk\/wp-content\/uploads\/2024\/06\/1717435919015-300x226.jpg 300w, https:\/\/www.kancompany.sk\/wp-content\/uploads\/2024\/06\/1717435919015-768x578.jpg 768w, https:\/\/www.kancompany.sk\/wp-content\/uploads\/2024\/06\/1717435919015-1536x1157.jpg 1536w, https:\/\/www.kancompany.sk\/wp-content\/uploads\/2024\/06\/1717435919015-2048x1542.jpg 2048w, https:\/\/www.kancompany.sk\/wp-content\/uploads\/2024\/06\/1717435919015-398x300.jpg 398w\" sizes=\"auto, (max-width: 1024px) 100vw, 1024px\" \/><\/figure>\n\n\n\n<p class=\"has-large-font-size\"><strong>Technick\u00e1 \u0161pecifik\u00e1cia a vybavenie:<\/strong><\/p>\n\n\n\n<p><strong>Maxim\u00e1lny dosah:<\/strong> 4,80m<\/p>\n\n\n\n<p><strong>H\u013abkov\u00fd dosah:<\/strong> 2,80m<\/p>\n\n\n\n<p><strong>Maxim\u00e1lna v\u00fdsypn\u00e1 v\u00fd\u0161ka:<\/strong> 4,50m<\/p>\n\n\n\n<p><strong>Hydraulick\u00e9 kladivo, oto\u010dn\u00e1 hlava povertil<\/strong><\/p>\n\n\n\n<p><strong>Ly\u017eice zubat\u00e9:<\/strong> 60cm, 40cm, 20cm<\/p>\n\n\n\n<p><strong>Ly\u017eice hladk\u00e9:<\/strong> 120cm, 50cm<\/p>\n\n\n\n<p class=\"has-large-font-size\"><strong>Cenn\u00edk:<\/strong><\/p>\n\n\n\n<p><strong>Z\u00e1kladn\u00e1 ly\u017eica:<\/strong> 30,00\u20ac\/hod.<\/p>\n\n\n\n<p><strong>B\u00faracie kladivo:<\/strong> 35,00\u20ac\/hod.<\/p>\n\n\n\n<p>V\u0161etky ceny s\u00fa uveden\u00e9 bez DPH.<\/p>\n","protected":false},"excerpt":{"rendered":"<p>VOLVO BL71 PLUS &#8211; r\u00fdpadlo + naklada\u010d Technick\u00e1 \u0161pecifik\u00e1cia a vybavenie: Maxim\u00e1lny dosah: 6,80m H\u013abkov\u00fd dosah: 5,35m \u0160\u00edrka ly\u017eice: 2,35m Maxim\u00e1lna v\u00fdsypn\u00e1 v\u00fd\u0161ka: 5,55m Paletovacie &hellip;<\/p>\n","protected":false},"author":1,"featured_media":43,"parent":0,"menu_order":0,"comment_status":"closed","ping_status":"closed","template":"","meta":{"_monsterinsights_skip_tracking":false,"_monsterinsights_sitenote_active":false,"_monsterinsights_sitenote_note":"","_monsterinsights_sitenote_category":0,"footnotes":""},"class_list":["post-93","page","type-page","status-publish","has-post-thumbnail","hentry"],"yoast_head":"<!-- This site is optimized with the Yoast SEO plugin v27.1.1 - https:\/\/yoast.com\/product\/yoast-seo-wordpress\/ -->\n<title>Zemn\u00e9 pr\u00e1ce - K\u00e1n company, s.r.o.<\/title>\n<meta name=\"robots\" content=\"index, follow, max-snippet:-1, max-image-preview:large, max-video-preview:-1\" \/>\n<link rel=\"canonical\" href=\"https:\/\/www.kancompany.sk\/?page_id=93\" \/>\n<meta property=\"og:locale\" content=\"sk_SK\" \/>\n<meta property=\"og:type\" content=\"article\" \/>\n<meta property=\"og:title\" content=\"Zemn\u00e9 pr\u00e1ce - K\u00e1n company, s.r.o.\" \/>\n<meta property=\"og:description\" content=\"VOLVO BL71 PLUS &#8211; r\u00fdpadlo + naklada\u010d Technick\u00e1 \u0161pecifik\u00e1cia a vybavenie: Maxim\u00e1lny dosah: 6,80m H\u013abkov\u00fd dosah: 5,35m \u0160\u00edrka ly\u017eice: 2,35m Maxim\u00e1lna v\u00fdsypn\u00e1 v\u00fd\u0161ka: 5,55m Paletovacie &hellip;\" \/>\n<meta property=\"og:url\" content=\"https:\/\/www.kancompany.sk\/?page_id=93\" \/>\n<meta property=\"og:site_name\" content=\"K\u00e1n company, s.r.o.\" \/>\n<meta property=\"article:modified_time\" content=\"2024-06-15T15:26:31+00:00\" \/>\n<meta property=\"og:image\" content=\"https:\/\/www.kancompany.sk\/wp-content\/uploads\/2024\/06\/thumb_1788277_item_image_normal.jpeg\" \/>\n\t<meta property=\"og:image:width\" content=\"720\" \/>\n\t<meta property=\"og:image:height\" content=\"480\" \/>\n\t<meta property=\"og:image:type\" content=\"image\/jpeg\" \/>\n<meta name=\"twitter:card\" content=\"summary_large_image\" \/>\n<meta name=\"twitter:label1\" content=\"Predpokladan\u00fd \u010das \u010d\u00edtania\" \/>\n\t<meta name=\"twitter:data1\" content=\"2 min\u00faty\" \/>\n<script type=\"application\/ld+json\" class=\"yoast-schema-graph\">{\"@context\":\"https:\/\/schema.org\",\"@graph\":[{\"@type\":\"WebPage\",\"@id\":\"https:\/\/www.kancompany.sk\/?page_id=93\",\"url\":\"https:\/\/www.kancompany.sk\/?page_id=93\",\"name\":\"Zemn\u00e9 pr\u00e1ce - K\u00e1n company, s.r.o.\",\"isPartOf\":{\"@id\":\"https:\/\/www.kancompany.sk\/#website\"},\"primaryImageOfPage\":{\"@id\":\"https:\/\/www.kancompany.sk\/?page_id=93#primaryimage\"},\"image\":{\"@id\":\"https:\/\/www.kancompany.sk\/?page_id=93#primaryimage\"},\"thumbnailUrl\":\"https:\/\/www.kancompany.sk\/wp-content\/uploads\/2024\/06\/thumb_1788277_item_image_normal.jpeg\",\"datePublished\":\"2024-06-08T09:49:52+00:00\",\"dateModified\":\"2024-06-15T15:26:31+00:00\",\"breadcrumb\":{\"@id\":\"https:\/\/www.kancompany.sk\/?page_id=93#breadcrumb\"},\"inLanguage\":\"sk-SK\",\"potentialAction\":[{\"@type\":\"ReadAction\",\"target\":[\"https:\/\/www.kancompany.sk\/?page_id=93\"]}]},{\"@type\":\"ImageObject\",\"inLanguage\":\"sk-SK\",\"@id\":\"https:\/\/www.kancompany.sk\/?page_id=93#primaryimage\",\"url\":\"https:\/\/www.kancompany.sk\/wp-content\/uploads\/2024\/06\/thumb_1788277_item_image_normal.jpeg\",\"contentUrl\":\"https:\/\/www.kancompany.sk\/wp-content\/uploads\/2024\/06\/thumb_1788277_item_image_normal.jpeg\",\"width\":720,\"height\":480},{\"@type\":\"BreadcrumbList\",\"@id\":\"https:\/\/www.kancompany.sk\/?page_id=93#breadcrumb\",\"itemListElement\":[{\"@type\":\"ListItem\",\"position\":1,\"name\":\"Home\",\"item\":\"https:\/\/www.kancompany.sk\/\"},{\"@type\":\"ListItem\",\"position\":2,\"name\":\"Zemn\u00e9 pr\u00e1ce\"}]},{\"@type\":\"WebSite\",\"@id\":\"https:\/\/www.kancompany.sk\/#website\",\"url\":\"https:\/\/www.kancompany.sk\/\",\"name\":\"K\u00e1n company, s.r.o.\",\"description\":\"Rodinn\u00e1 firma est. 2023\",\"potentialAction\":[{\"@type\":\"SearchAction\",\"target\":{\"@type\":\"EntryPoint\",\"urlTemplate\":\"https:\/\/www.kancompany.sk\/?s={search_term_string}\"},\"query-input\":{\"@type\":\"PropertyValueSpecification\",\"valueRequired\":true,\"valueName\":\"search_term_string\"}}],\"inLanguage\":\"sk-SK\"}]}<\/script>\n<!-- \/ Yoast SEO plugin. -->","yoast_head_json":{"title":"Zemn\u00e9 pr\u00e1ce - K\u00e1n company, s.r.o.","robots":{"index":"index","follow":"follow","max-snippet":"max-snippet:-1","max-image-preview":"max-image-preview:large","max-video-preview":"max-video-preview:-1"},"canonical":"https:\/\/www.kancompany.sk\/?page_id=93","og_locale":"sk_SK","og_type":"article","og_title":"Zemn\u00e9 pr\u00e1ce - K\u00e1n company, s.r.o.","og_description":"VOLVO BL71 PLUS &#8211; r\u00fdpadlo + naklada\u010d Technick\u00e1 \u0161pecifik\u00e1cia a vybavenie: Maxim\u00e1lny dosah: 6,80m H\u013abkov\u00fd dosah: 5,35m \u0160\u00edrka ly\u017eice: 2,35m Maxim\u00e1lna v\u00fdsypn\u00e1 v\u00fd\u0161ka: 5,55m Paletovacie &hellip;","og_url":"https:\/\/www.kancompany.sk\/?page_id=93","og_site_name":"K\u00e1n company, s.r.o.","article_modified_time":"2024-06-15T15:26:31+00:00","og_image":[{"width":720,"height":480,"url":"https:\/\/www.kancompany.sk\/wp-content\/uploads\/2024\/06\/thumb_1788277_item_image_normal.jpeg","type":"image\/jpeg"}],"twitter_card":"summary_large_image","twitter_misc":{"Predpokladan\u00fd \u010das \u010d\u00edtania":"2 min\u00faty"},"schema":{"@context":"https:\/\/schema.org","@graph":[{"@type":"WebPage","@id":"https:\/\/www.kancompany.sk\/?page_id=93","url":"https:\/\/www.kancompany.sk\/?page_id=93","name":"Zemn\u00e9 pr\u00e1ce - K\u00e1n company, s.r.o.","isPartOf":{"@id":"https:\/\/www.kancompany.sk\/#website"},"primaryImageOfPage":{"@id":"https:\/\/www.kancompany.sk\/?page_id=93#primaryimage"},"image":{"@id":"https:\/\/www.kancompany.sk\/?page_id=93#primaryimage"},"thumbnailUrl":"https:\/\/www.kancompany.sk\/wp-content\/uploads\/2024\/06\/thumb_1788277_item_image_normal.jpeg","datePublished":"2024-06-08T09:49:52+00:00","dateModified":"2024-06-15T15:26:31+00:00","breadcrumb":{"@id":"https:\/\/www.kancompany.sk\/?page_id=93#breadcrumb"},"inLanguage":"sk-SK","potentialAction":[{"@type":"ReadAction","target":["https:\/\/www.kancompany.sk\/?page_id=93"]}]},{"@type":"ImageObject","inLanguage":"sk-SK","@id":"https:\/\/www.kancompany.sk\/?page_id=93#primaryimage","url":"https:\/\/www.kancompany.sk\/wp-content\/uploads\/2024\/06\/thumb_1788277_item_image_normal.jpeg","contentUrl":"https:\/\/www.kancompany.sk\/wp-content\/uploads\/2024\/06\/thumb_1788277_item_image_normal.jpeg","width":720,"height":480},{"@type":"BreadcrumbList","@id":"https:\/\/www.kancompany.sk\/?page_id=93#breadcrumb","itemListElement":[{"@type":"ListItem","position":1,"name":"Home","item":"https:\/\/www.kancompany.sk\/"},{"@type":"ListItem","position":2,"name":"Zemn\u00e9 pr\u00e1ce"}]},{"@type":"WebSite","@id":"https:\/\/www.kancompany.sk\/#website","url":"https:\/\/www.kancompany.sk\/","name":"K\u00e1n company, s.r.o.","description":"Rodinn\u00e1 firma est. 2023","potentialAction":[{"@type":"SearchAction","target":{"@type":"EntryPoint","urlTemplate":"https:\/\/www.kancompany.sk\/?s={search_term_string}"},"query-input":{"@type":"PropertyValueSpecification","valueRequired":true,"valueName":"search_term_string"}}],"inLanguage":"sk-SK"}]}},"_links":{"self":[{"href":"https:\/\/www.kancompany.sk\/index.php?rest_route=\/wp\/v2\/pages\/93","targetHints":{"allow":["GET"]}}],"collection":[{"href":"https:\/\/www.kancompany.sk\/index.php?rest_route=\/wp\/v2\/pages"}],"about":[{"href":"https:\/\/www.kancompany.sk\/index.php?rest_route=\/wp\/v2\/types\/page"}],"author":[{"embeddable":true,"href":"https:\/\/www.kancompany.sk\/index.php?rest_route=\/wp\/v2\/users\/1"}],"replies":[{"embeddable":true,"href":"https:\/\/www.kancompany.sk\/index.php?rest_route=%2Fwp%2Fv2%2Fcomments&post=93"}],"version-history":[{"count":2,"href":"https:\/\/www.kancompany.sk\/index.php?rest_route=\/wp\/v2\/pages\/93\/revisions"}],"predecessor-version":[{"id":125,"href":"https:\/\/www.kancompany.sk\/index.php?rest_route=\/wp\/v2\/pages\/93\/revisions\/125"}],"wp:featuredmedia":[{"embeddable":true,"href":"https:\/\/www.kancompany.sk\/index.php?rest_route=\/wp\/v2\/media\/43"}],"wp:attachment":[{"href":"https:\/\/www.kancompany.sk\/index.php?rest_route=%2Fwp%2Fv2%2Fmedia&parent=93"}],"curies":[{"name":"wp","href":"https:\/\/api.w.org\/{rel}","templated":true}]}}