{"id":90,"date":"2024-06-08T11:48:24","date_gmt":"2024-06-08T09:48:24","guid":{"rendered":"https:\/\/www.kancompany.sk\/?page_id=90"},"modified":"2024-06-08T11:48:24","modified_gmt":"2024-06-08T09:48:24","slug":"nakladna-doprava","status":"publish","type":"page","link":"https:\/\/www.kancompany.sk\/?page_id=90","title":{"rendered":"N\u00e1kladn\u00e1 doprava"},"content":{"rendered":"\n<p class=\"has-large-font-size\"><strong>VOLVO FM 09 4&#215;4 s hydraulickou rukou<\/strong><\/p>\n\n\n\n<figure class=\"wp-block-image size-large\"><img loading=\"lazy\" decoding=\"async\" width=\"1024\" height=\"771\" src=\"https:\/\/www.kancompany.sk\/wp-content\/uploads\/2024\/06\/1717435833865-1024x771.jpg\" alt=\"\" class=\"wp-image-38\" srcset=\"https:\/\/www.kancompany.sk\/wp-content\/uploads\/2024\/06\/1717435833865-1024x771.jpg 1024w, https:\/\/www.kancompany.sk\/wp-content\/uploads\/2024\/06\/1717435833865-300x226.jpg 300w, https:\/\/www.kancompany.sk\/wp-content\/uploads\/2024\/06\/1717435833865-768x578.jpg 768w, https:\/\/www.kancompany.sk\/wp-content\/uploads\/2024\/06\/1717435833865-1536x1157.jpg 1536w, https:\/\/www.kancompany.sk\/wp-content\/uploads\/2024\/06\/1717435833865-2048x1542.jpg 2048w, https:\/\/www.kancompany.sk\/wp-content\/uploads\/2024\/06\/1717435833865-398x300.jpg 398w\" sizes=\"auto, (max-width: 1024px) 100vw, 1024px\" \/><\/figure>\n\n\n\n<p class=\"has-large-font-size\"><strong>Technick\u00e1 \u0161pecifik\u00e1cia a vybavenie:<\/strong><\/p>\n\n\n\n<p><strong>Skl\u00e1pa\u010d:<\/strong> S2<\/p>\n\n\n\n<p><strong>Nosnos\u0165:<\/strong> 8 ton<\/p>\n\n\n\n<p><strong>Hydraulick\u00e1 ruka:<\/strong> 3,5 tony na z\u00e1klade, maxim\u00e1lne vylo\u017eenie: 7,3 m a 1760kg<\/p>\n\n\n\n<p><strong>V\u00fdbava:<\/strong> paletovacie vidly, drap\u00e1k na nakladanie gu\u013eatiny, kon\u00e1rov a podobne. <\/p>\n\n\n\n<p class=\"has-large-font-size\"><strong>Cenn\u00edk: <\/strong><\/p>\n\n\n\n<p><strong>Jazdn\u00e9:<\/strong> 1,50\u20ac\/km*<\/p>\n\n\n\n<p><strong>Nakl\u00e1dka\/vykl\u00e1dka:<\/strong> 34,00\u20ac\/hod.<\/p>\n\n\n\n<p><strong>Pr\u00e1ca s hydraulickou rukou a drap\u00e1kom:<\/strong> 38,00\u20ac\/hod.<\/p>\n\n\n\n<p>*V pr\u00edpade jazdy po spoplatnen\u00fdch \u00fasekoch ciest sa k cene pripo\u010d\u00edta m\u00fdto pod\u013ea skuto\u010dn\u00e9ho stavu. V\u0161etky ceny s\u00fa uveden\u00e9 bez DPH.<\/p>\n","protected":false},"excerpt":{"rendered":"<p>VOLVO FM 09 4&#215;4 s hydraulickou rukou Technick\u00e1 \u0161pecifik\u00e1cia a vybavenie: Skl\u00e1pa\u010d: S2 Nosnos\u0165: 8 ton Hydraulick\u00e1 ruka: 3,5 tony na z\u00e1klade, maxim\u00e1lne vylo\u017eenie: 7,3 &hellip;<\/p>\n","protected":false},"author":1,"featured_media":38,"parent":0,"menu_order":0,"comment_status":"closed","ping_status":"closed","template":"","meta":{"_monsterinsights_skip_tracking":false,"_monsterinsights_sitenote_active":false,"_monsterinsights_sitenote_note":"","_monsterinsights_sitenote_category":0,"footnotes":""},"class_list":["post-90","page","type-page","status-publish","has-post-thumbnail","hentry"],"yoast_head":"<!-- This site is optimized with the Yoast SEO plugin v27.1.1 - https:\/\/yoast.com\/product\/yoast-seo-wordpress\/ -->\n<title>N\u00e1kladn\u00e1 doprava - K\u00e1n company, s.r.o.<\/title>\n<meta name=\"robots\" content=\"index, follow, max-snippet:-1, max-image-preview:large, max-video-preview:-1\" \/>\n<link rel=\"canonical\" href=\"https:\/\/www.kancompany.sk\/?page_id=90\" \/>\n<meta property=\"og:locale\" content=\"sk_SK\" \/>\n<meta property=\"og:type\" content=\"article\" \/>\n<meta property=\"og:title\" content=\"N\u00e1kladn\u00e1 doprava - K\u00e1n company, s.r.o.\" \/>\n<meta property=\"og:description\" content=\"VOLVO FM 09 4&#215;4 s hydraulickou rukou Technick\u00e1 \u0161pecifik\u00e1cia a vybavenie: Skl\u00e1pa\u010d: S2 Nosnos\u0165: 8 ton Hydraulick\u00e1 ruka: 3,5 tony na z\u00e1klade, maxim\u00e1lne vylo\u017eenie: 7,3 &hellip;\" \/>\n<meta property=\"og:url\" content=\"https:\/\/www.kancompany.sk\/?page_id=90\" \/>\n<meta property=\"og:site_name\" content=\"K\u00e1n company, s.r.o.\" \/>\n<meta property=\"og:image\" content=\"https:\/\/www.kancompany.sk\/wp-content\/uploads\/2024\/06\/1717435833865-scaled.jpg\" \/>\n\t<meta property=\"og:image:width\" content=\"2560\" \/>\n\t<meta property=\"og:image:height\" content=\"1928\" \/>\n\t<meta property=\"og:image:type\" content=\"image\/jpeg\" \/>\n<meta name=\"twitter:card\" content=\"summary_large_image\" \/>\n<meta name=\"twitter:label1\" content=\"Predpokladan\u00fd \u010das \u010d\u00edtania\" \/>\n\t<meta name=\"twitter:data1\" content=\"1 min\u00fata\" \/>\n<script type=\"application\/ld+json\" class=\"yoast-schema-graph\">{\"@context\":\"https:\/\/schema.org\",\"@graph\":[{\"@type\":\"WebPage\",\"@id\":\"https:\/\/www.kancompany.sk\/?page_id=90\",\"url\":\"https:\/\/www.kancompany.sk\/?page_id=90\",\"name\":\"N\u00e1kladn\u00e1 doprava - K\u00e1n company, s.r.o.\",\"isPartOf\":{\"@id\":\"https:\/\/www.kancompany.sk\/#website\"},\"primaryImageOfPage\":{\"@id\":\"https:\/\/www.kancompany.sk\/?page_id=90#primaryimage\"},\"image\":{\"@id\":\"https:\/\/www.kancompany.sk\/?page_id=90#primaryimage\"},\"thumbnailUrl\":\"https:\/\/www.kancompany.sk\/wp-content\/uploads\/2024\/06\/1717435833865-scaled.jpg\",\"datePublished\":\"2024-06-08T09:48:24+00:00\",\"breadcrumb\":{\"@id\":\"https:\/\/www.kancompany.sk\/?page_id=90#breadcrumb\"},\"inLanguage\":\"sk-SK\",\"potentialAction\":[{\"@type\":\"ReadAction\",\"target\":[\"https:\/\/www.kancompany.sk\/?page_id=90\"]}]},{\"@type\":\"ImageObject\",\"inLanguage\":\"sk-SK\",\"@id\":\"https:\/\/www.kancompany.sk\/?page_id=90#primaryimage\",\"url\":\"https:\/\/www.kancompany.sk\/wp-content\/uploads\/2024\/06\/1717435833865-scaled.jpg\",\"contentUrl\":\"https:\/\/www.kancompany.sk\/wp-content\/uploads\/2024\/06\/1717435833865-scaled.jpg\",\"width\":2560,\"height\":1928},{\"@type\":\"BreadcrumbList\",\"@id\":\"https:\/\/www.kancompany.sk\/?page_id=90#breadcrumb\",\"itemListElement\":[{\"@type\":\"ListItem\",\"position\":1,\"name\":\"Home\",\"item\":\"https:\/\/www.kancompany.sk\/\"},{\"@type\":\"ListItem\",\"position\":2,\"name\":\"N\u00e1kladn\u00e1 doprava\"}]},{\"@type\":\"WebSite\",\"@id\":\"https:\/\/www.kancompany.sk\/#website\",\"url\":\"https:\/\/www.kancompany.sk\/\",\"name\":\"K\u00e1n company, s.r.o.\",\"description\":\"Rodinn\u00e1 firma est. 2023\",\"potentialAction\":[{\"@type\":\"SearchAction\",\"target\":{\"@type\":\"EntryPoint\",\"urlTemplate\":\"https:\/\/www.kancompany.sk\/?s={search_term_string}\"},\"query-input\":{\"@type\":\"PropertyValueSpecification\",\"valueRequired\":true,\"valueName\":\"search_term_string\"}}],\"inLanguage\":\"sk-SK\"}]}<\/script>\n<!-- \/ Yoast SEO plugin. -->","yoast_head_json":{"title":"N\u00e1kladn\u00e1 doprava - K\u00e1n company, s.r.o.","robots":{"index":"index","follow":"follow","max-snippet":"max-snippet:-1","max-image-preview":"max-image-preview:large","max-video-preview":"max-video-preview:-1"},"canonical":"https:\/\/www.kancompany.sk\/?page_id=90","og_locale":"sk_SK","og_type":"article","og_title":"N\u00e1kladn\u00e1 doprava - K\u00e1n company, s.r.o.","og_description":"VOLVO FM 09 4&#215;4 s hydraulickou rukou Technick\u00e1 \u0161pecifik\u00e1cia a vybavenie: Skl\u00e1pa\u010d: S2 Nosnos\u0165: 8 ton Hydraulick\u00e1 ruka: 3,5 tony na z\u00e1klade, maxim\u00e1lne vylo\u017eenie: 7,3 &hellip;","og_url":"https:\/\/www.kancompany.sk\/?page_id=90","og_site_name":"K\u00e1n company, s.r.o.","og_image":[{"width":2560,"height":1928,"url":"https:\/\/www.kancompany.sk\/wp-content\/uploads\/2024\/06\/1717435833865-scaled.jpg","type":"image\/jpeg"}],"twitter_card":"summary_large_image","twitter_misc":{"Predpokladan\u00fd \u010das \u010d\u00edtania":"1 min\u00fata"},"schema":{"@context":"https:\/\/schema.org","@graph":[{"@type":"WebPage","@id":"https:\/\/www.kancompany.sk\/?page_id=90","url":"https:\/\/www.kancompany.sk\/?page_id=90","name":"N\u00e1kladn\u00e1 doprava - K\u00e1n company, s.r.o.","isPartOf":{"@id":"https:\/\/www.kancompany.sk\/#website"},"primaryImageOfPage":{"@id":"https:\/\/www.kancompany.sk\/?page_id=90#primaryimage"},"image":{"@id":"https:\/\/www.kancompany.sk\/?page_id=90#primaryimage"},"thumbnailUrl":"https:\/\/www.kancompany.sk\/wp-content\/uploads\/2024\/06\/1717435833865-scaled.jpg","datePublished":"2024-06-08T09:48:24+00:00","breadcrumb":{"@id":"https:\/\/www.kancompany.sk\/?page_id=90#breadcrumb"},"inLanguage":"sk-SK","potentialAction":[{"@type":"ReadAction","target":["https:\/\/www.kancompany.sk\/?page_id=90"]}]},{"@type":"ImageObject","inLanguage":"sk-SK","@id":"https:\/\/www.kancompany.sk\/?page_id=90#primaryimage","url":"https:\/\/www.kancompany.sk\/wp-content\/uploads\/2024\/06\/1717435833865-scaled.jpg","contentUrl":"https:\/\/www.kancompany.sk\/wp-content\/uploads\/2024\/06\/1717435833865-scaled.jpg","width":2560,"height":1928},{"@type":"BreadcrumbList","@id":"https:\/\/www.kancompany.sk\/?page_id=90#breadcrumb","itemListElement":[{"@type":"ListItem","position":1,"name":"Home","item":"https:\/\/www.kancompany.sk\/"},{"@type":"ListItem","position":2,"name":"N\u00e1kladn\u00e1 doprava"}]},{"@type":"WebSite","@id":"https:\/\/www.kancompany.sk\/#website","url":"https:\/\/www.kancompany.sk\/","name":"K\u00e1n company, s.r.o.","description":"Rodinn\u00e1 firma est. 2023","potentialAction":[{"@type":"SearchAction","target":{"@type":"EntryPoint","urlTemplate":"https:\/\/www.kancompany.sk\/?s={search_term_string}"},"query-input":{"@type":"PropertyValueSpecification","valueRequired":true,"valueName":"search_term_string"}}],"inLanguage":"sk-SK"}]}},"_links":{"self":[{"href":"https:\/\/www.kancompany.sk\/index.php?rest_route=\/wp\/v2\/pages\/90","targetHints":{"allow":["GET"]}}],"collection":[{"href":"https:\/\/www.kancompany.sk\/index.php?rest_route=\/wp\/v2\/pages"}],"about":[{"href":"https:\/\/www.kancompany.sk\/index.php?rest_route=\/wp\/v2\/types\/page"}],"author":[{"embeddable":true,"href":"https:\/\/www.kancompany.sk\/index.php?rest_route=\/wp\/v2\/users\/1"}],"replies":[{"embeddable":true,"href":"https:\/\/www.kancompany.sk\/index.php?rest_route=%2Fwp%2Fv2%2Fcomments&post=90"}],"version-history":[{"count":1,"href":"https:\/\/www.kancompany.sk\/index.php?rest_route=\/wp\/v2\/pages\/90\/revisions"}],"predecessor-version":[{"id":92,"href":"https:\/\/www.kancompany.sk\/index.php?rest_route=\/wp\/v2\/pages\/90\/revisions\/92"}],"wp:featuredmedia":[{"embeddable":true,"href":"https:\/\/www.kancompany.sk\/index.php?rest_route=\/wp\/v2\/media\/38"}],"wp:attachment":[{"href":"https:\/\/www.kancompany.sk\/index.php?rest_route=%2Fwp%2Fv2%2Fmedia&parent=90"}],"curies":[{"name":"wp","href":"https:\/\/api.w.org\/{rel}","templated":true}]}}