{"id":83,"date":"2024-06-08T11:43:24","date_gmt":"2024-06-08T09:43:24","guid":{"rendered":"https:\/\/www.kancompany.sk\/?page_id=83"},"modified":"2024-06-15T17:25:51","modified_gmt":"2024-06-15T15:25:51","slug":"o-nas","status":"publish","type":"page","link":"https:\/\/www.kancompany.sk\/","title":{"rendered":"O n\u00e1s"},"content":{"rendered":"\n<p><strong>K\u00e1n company s.r.o. &#8211; rodinn\u00e1 firma est.2023 <\/strong><\/p>\n\n\n\n<p>Pon\u00fakame V\u00e1m slu\u017eby pracovn\u00fdch strojov (n\u00e1kladn\u00e1 doprava, zemn\u00e9 pr\u00e1ce s r\u00f4znymi typmi ly\u017e\u00edc, b\u00faracie pr\u00e1ce, vylo\u017eenie, nalo\u017eenie materi\u00e1lu).<\/p>\n\n\n\n<p>Takisto V\u00e1m pon\u00fakame aj \u00fa\u010dtovn\u00edcke pr\u00e1ce (jednoduch\u00e9 \u00fa\u010dtovn\u00edctvo, podvojn\u00e9 \u00fa\u010dtovn\u00edctvo, spracovanie miezd) a personalistiku.<\/p>\n\n\n\n<p class=\"has-normal-font-size\">M\u00e1me viac ako 20-ro\u010dn\u00e9 sk\u00fasenosti v pon\u00fakan\u00fdch slu\u017eb\u00e1ch! Kvalita a odbornos\u0165 s\u00fa na prvom mieste.<\/p>\n","protected":false},"excerpt":{"rendered":"<p>K\u00e1n company s.r.o. &#8211; rodinn\u00e1 firma est.2023 Pon\u00fakame V\u00e1m slu\u017eby pracovn\u00fdch strojov (n\u00e1kladn\u00e1 doprava, zemn\u00e9 pr\u00e1ce s r\u00f4znymi typmi ly\u017e\u00edc, b\u00faracie pr\u00e1ce, vylo\u017eenie, nalo\u017eenie materi\u00e1lu). &hellip;<\/p>\n","protected":false},"author":1,"featured_media":33,"parent":0,"menu_order":0,"comment_status":"closed","ping_status":"closed","template":"","meta":{"_monsterinsights_skip_tracking":false,"_monsterinsights_sitenote_active":false,"_monsterinsights_sitenote_note":"","_monsterinsights_sitenote_category":0,"footnotes":""},"class_list":["post-83","page","type-page","status-publish","has-post-thumbnail","hentry"],"yoast_head":"<!-- This site is optimized with the Yoast SEO plugin v27.1.1 - https:\/\/yoast.com\/product\/yoast-seo-wordpress\/ -->\n<title>O n\u00e1s - K\u00e1n company, s.r.o.<\/title>\n<meta name=\"robots\" content=\"index, follow, max-snippet:-1, max-image-preview:large, max-video-preview:-1\" \/>\n<link rel=\"canonical\" href=\"https:\/\/www.kancompany.sk\/\" \/>\n<meta property=\"og:locale\" content=\"sk_SK\" \/>\n<meta property=\"og:type\" content=\"article\" \/>\n<meta property=\"og:title\" content=\"O n\u00e1s - K\u00e1n company, s.r.o.\" \/>\n<meta property=\"og:description\" content=\"K\u00e1n company s.r.o. &#8211; rodinn\u00e1 firma est.2023 Pon\u00fakame V\u00e1m slu\u017eby pracovn\u00fdch strojov (n\u00e1kladn\u00e1 doprava, zemn\u00e9 pr\u00e1ce s r\u00f4znymi typmi ly\u017e\u00edc, b\u00faracie pr\u00e1ce, vylo\u017eenie, nalo\u017eenie materi\u00e1lu). &hellip;\" \/>\n<meta property=\"og:url\" content=\"https:\/\/www.kancompany.sk\/\" \/>\n<meta property=\"og:site_name\" content=\"K\u00e1n company, s.r.o.\" \/>\n<meta property=\"article:modified_time\" content=\"2024-06-15T15:25:51+00:00\" \/>\n<meta property=\"og:image\" content=\"https:\/\/www.kancompany.sk\/wp-content\/uploads\/2024\/05\/KC2-2.png\" \/>\n\t<meta property=\"og:image:width\" content=\"1537\" \/>\n\t<meta property=\"og:image:height\" content=\"1540\" \/>\n\t<meta property=\"og:image:type\" content=\"image\/png\" \/>\n<meta name=\"twitter:card\" content=\"summary_large_image\" \/>\n<meta name=\"twitter:label1\" content=\"Predpokladan\u00fd \u010das \u010d\u00edtania\" \/>\n\t<meta name=\"twitter:data1\" content=\"1 min\u00fata\" \/>\n<script type=\"application\/ld+json\" class=\"yoast-schema-graph\">{\"@context\":\"https:\/\/schema.org\",\"@graph\":[{\"@type\":\"WebPage\",\"@id\":\"https:\/\/www.kancompany.sk\/\",\"url\":\"https:\/\/www.kancompany.sk\/\",\"name\":\"O n\u00e1s - K\u00e1n company, s.r.o.\",\"isPartOf\":{\"@id\":\"https:\/\/www.kancompany.sk\/#website\"},\"primaryImageOfPage\":{\"@id\":\"https:\/\/www.kancompany.sk\/#primaryimage\"},\"image\":{\"@id\":\"https:\/\/www.kancompany.sk\/#primaryimage\"},\"thumbnailUrl\":\"https:\/\/www.kancompany.sk\/wp-content\/uploads\/2024\/05\/KC2-2.png\",\"datePublished\":\"2024-06-08T09:43:24+00:00\",\"dateModified\":\"2024-06-15T15:25:51+00:00\",\"breadcrumb\":{\"@id\":\"https:\/\/www.kancompany.sk\/#breadcrumb\"},\"inLanguage\":\"sk-SK\",\"potentialAction\":[{\"@type\":\"ReadAction\",\"target\":[\"https:\/\/www.kancompany.sk\/\"]}]},{\"@type\":\"ImageObject\",\"inLanguage\":\"sk-SK\",\"@id\":\"https:\/\/www.kancompany.sk\/#primaryimage\",\"url\":\"https:\/\/www.kancompany.sk\/wp-content\/uploads\/2024\/05\/KC2-2.png\",\"contentUrl\":\"https:\/\/www.kancompany.sk\/wp-content\/uploads\/2024\/05\/KC2-2.png\",\"width\":1537,\"height\":1540},{\"@type\":\"BreadcrumbList\",\"@id\":\"https:\/\/www.kancompany.sk\/#breadcrumb\",\"itemListElement\":[{\"@type\":\"ListItem\",\"position\":1,\"name\":\"Home\",\"item\":\"https:\/\/www.kancompany.sk\/\"},{\"@type\":\"ListItem\",\"position\":2,\"name\":\"O n\u00e1s\"}]},{\"@type\":\"WebSite\",\"@id\":\"https:\/\/www.kancompany.sk\/#website\",\"url\":\"https:\/\/www.kancompany.sk\/\",\"name\":\"K\u00e1n company, s.r.o.\",\"description\":\"Rodinn\u00e1 firma est. 2023\",\"potentialAction\":[{\"@type\":\"SearchAction\",\"target\":{\"@type\":\"EntryPoint\",\"urlTemplate\":\"https:\/\/www.kancompany.sk\/?s={search_term_string}\"},\"query-input\":{\"@type\":\"PropertyValueSpecification\",\"valueRequired\":true,\"valueName\":\"search_term_string\"}}],\"inLanguage\":\"sk-SK\"}]}<\/script>\n<!-- \/ Yoast SEO plugin. -->","yoast_head_json":{"title":"O n\u00e1s - K\u00e1n company, s.r.o.","robots":{"index":"index","follow":"follow","max-snippet":"max-snippet:-1","max-image-preview":"max-image-preview:large","max-video-preview":"max-video-preview:-1"},"canonical":"https:\/\/www.kancompany.sk\/","og_locale":"sk_SK","og_type":"article","og_title":"O n\u00e1s - K\u00e1n company, s.r.o.","og_description":"K\u00e1n company s.r.o. &#8211; rodinn\u00e1 firma est.2023 Pon\u00fakame V\u00e1m slu\u017eby pracovn\u00fdch strojov (n\u00e1kladn\u00e1 doprava, zemn\u00e9 pr\u00e1ce s r\u00f4znymi typmi ly\u017e\u00edc, b\u00faracie pr\u00e1ce, vylo\u017eenie, nalo\u017eenie materi\u00e1lu). &hellip;","og_url":"https:\/\/www.kancompany.sk\/","og_site_name":"K\u00e1n company, s.r.o.","article_modified_time":"2024-06-15T15:25:51+00:00","og_image":[{"width":1537,"height":1540,"url":"https:\/\/www.kancompany.sk\/wp-content\/uploads\/2024\/05\/KC2-2.png","type":"image\/png"}],"twitter_card":"summary_large_image","twitter_misc":{"Predpokladan\u00fd \u010das \u010d\u00edtania":"1 min\u00fata"},"schema":{"@context":"https:\/\/schema.org","@graph":[{"@type":"WebPage","@id":"https:\/\/www.kancompany.sk\/","url":"https:\/\/www.kancompany.sk\/","name":"O n\u00e1s - K\u00e1n company, s.r.o.","isPartOf":{"@id":"https:\/\/www.kancompany.sk\/#website"},"primaryImageOfPage":{"@id":"https:\/\/www.kancompany.sk\/#primaryimage"},"image":{"@id":"https:\/\/www.kancompany.sk\/#primaryimage"},"thumbnailUrl":"https:\/\/www.kancompany.sk\/wp-content\/uploads\/2024\/05\/KC2-2.png","datePublished":"2024-06-08T09:43:24+00:00","dateModified":"2024-06-15T15:25:51+00:00","breadcrumb":{"@id":"https:\/\/www.kancompany.sk\/#breadcrumb"},"inLanguage":"sk-SK","potentialAction":[{"@type":"ReadAction","target":["https:\/\/www.kancompany.sk\/"]}]},{"@type":"ImageObject","inLanguage":"sk-SK","@id":"https:\/\/www.kancompany.sk\/#primaryimage","url":"https:\/\/www.kancompany.sk\/wp-content\/uploads\/2024\/05\/KC2-2.png","contentUrl":"https:\/\/www.kancompany.sk\/wp-content\/uploads\/2024\/05\/KC2-2.png","width":1537,"height":1540},{"@type":"BreadcrumbList","@id":"https:\/\/www.kancompany.sk\/#breadcrumb","itemListElement":[{"@type":"ListItem","position":1,"name":"Home","item":"https:\/\/www.kancompany.sk\/"},{"@type":"ListItem","position":2,"name":"O n\u00e1s"}]},{"@type":"WebSite","@id":"https:\/\/www.kancompany.sk\/#website","url":"https:\/\/www.kancompany.sk\/","name":"K\u00e1n company, s.r.o.","description":"Rodinn\u00e1 firma est. 2023","potentialAction":[{"@type":"SearchAction","target":{"@type":"EntryPoint","urlTemplate":"https:\/\/www.kancompany.sk\/?s={search_term_string}"},"query-input":{"@type":"PropertyValueSpecification","valueRequired":true,"valueName":"search_term_string"}}],"inLanguage":"sk-SK"}]}},"_links":{"self":[{"href":"https:\/\/www.kancompany.sk\/index.php?rest_route=\/wp\/v2\/pages\/83","targetHints":{"allow":["GET"]}}],"collection":[{"href":"https:\/\/www.kancompany.sk\/index.php?rest_route=\/wp\/v2\/pages"}],"about":[{"href":"https:\/\/www.kancompany.sk\/index.php?rest_route=\/wp\/v2\/types\/page"}],"author":[{"embeddable":true,"href":"https:\/\/www.kancompany.sk\/index.php?rest_route=\/wp\/v2\/users\/1"}],"replies":[{"embeddable":true,"href":"https:\/\/www.kancompany.sk\/index.php?rest_route=%2Fwp%2Fv2%2Fcomments&post=83"}],"version-history":[{"count":2,"href":"https:\/\/www.kancompany.sk\/index.php?rest_route=\/wp\/v2\/pages\/83\/revisions"}],"predecessor-version":[{"id":124,"href":"https:\/\/www.kancompany.sk\/index.php?rest_route=\/wp\/v2\/pages\/83\/revisions\/124"}],"wp:featuredmedia":[{"embeddable":true,"href":"https:\/\/www.kancompany.sk\/index.php?rest_route=\/wp\/v2\/media\/33"}],"wp:attachment":[{"href":"https:\/\/www.kancompany.sk\/index.php?rest_route=%2Fwp%2Fv2%2Fmedia&parent=83"}],"curies":[{"name":"wp","href":"https:\/\/api.w.org\/{rel}","templated":true}]}}