{"id":101,"date":"2024-06-08T12:00:11","date_gmt":"2024-06-08T10:00:11","guid":{"rendered":"https:\/\/www.kancompany.sk\/?page_id=101"},"modified":"2024-06-08T12:00:12","modified_gmt":"2024-06-08T10:00:12","slug":"kontakt","status":"publish","type":"page","link":"https:\/\/www.kancompany.sk\/?page_id=101","title":{"rendered":"Kontakt"},"content":{"rendered":"\n<p class=\"has-large-font-size\"><strong>S\u00eddlo firmy:<\/strong><\/p>\n\n\n\n<p>Hlavn\u00e1 271\/49,<\/p>\n\n\n\n<p>976 64 Bac\u00fach<\/p>\n\n\n\n<p class=\"has-large-font-size\"><strong>N\u00e1kladn\u00e1 doprava, zemn\u00e9 pr\u00e1ce:<\/strong><\/p>\n\n\n\n<p>K\u00e1n J\u00e1n<\/p>\n\n\n\n<p>+421&nbsp;918&nbsp;626&nbsp;937<\/p>\n\n\n\n<p>jan.kan@kancompany.sk<\/p>\n\n\n\n<p class=\"has-large-font-size\"><strong>\u00da\u010dtovn\u00edctvo, mzdy a personalistika:<\/strong><\/p>\n\n\n\n<p>K\u00e1nov\u00e1 Alena<\/p>\n\n\n\n<p>+421&nbsp;903&nbsp;966&nbsp;736<\/p>\n\n\n\n<p>akanova@kancompany.sk<\/p>\n","protected":false},"excerpt":{"rendered":"<p>S\u00eddlo firmy: Hlavn\u00e1 271\/49, 976 64 Bac\u00fach N\u00e1kladn\u00e1 doprava, zemn\u00e9 pr\u00e1ce: K\u00e1n J\u00e1n +421&nbsp;918&nbsp;626&nbsp;937 jan.kan@kancompany.sk \u00da\u010dtovn\u00edctvo, mzdy a personalistika: K\u00e1nov\u00e1 Alena +421&nbsp;903&nbsp;966&nbsp;736 akanova@kancompany.sk<\/p>\n","protected":false},"author":1,"featured_media":61,"parent":0,"menu_order":0,"comment_status":"closed","ping_status":"closed","template":"","meta":{"_monsterinsights_skip_tracking":false,"_monsterinsights_sitenote_active":false,"_monsterinsights_sitenote_note":"","_monsterinsights_sitenote_category":0,"footnotes":""},"class_list":["post-101","page","type-page","status-publish","has-post-thumbnail","hentry"],"yoast_head":"<!-- This site is optimized with the Yoast SEO plugin v27.1.1 - https:\/\/yoast.com\/product\/yoast-seo-wordpress\/ -->\n<title>Kontakt - K\u00e1n company, s.r.o.<\/title>\n<meta name=\"robots\" content=\"index, follow, max-snippet:-1, max-image-preview:large, max-video-preview:-1\" \/>\n<link rel=\"canonical\" href=\"https:\/\/www.kancompany.sk\/?page_id=101\" \/>\n<meta property=\"og:locale\" content=\"sk_SK\" \/>\n<meta property=\"og:type\" content=\"article\" \/>\n<meta property=\"og:title\" content=\"Kontakt - K\u00e1n company, s.r.o.\" \/>\n<meta property=\"og:description\" content=\"S\u00eddlo firmy: Hlavn\u00e1 271\/49, 976 64 Bac\u00fach N\u00e1kladn\u00e1 doprava, zemn\u00e9 pr\u00e1ce: K\u00e1n J\u00e1n +421&nbsp;918&nbsp;626&nbsp;937 jan.kan@kancompany.sk \u00da\u010dtovn\u00edctvo, mzdy a personalistika: K\u00e1nov\u00e1 Alena +421&nbsp;903&nbsp;966&nbsp;736 akanova@kancompany.sk\" \/>\n<meta property=\"og:url\" content=\"https:\/\/www.kancompany.sk\/?page_id=101\" \/>\n<meta property=\"og:site_name\" content=\"K\u00e1n company, s.r.o.\" \/>\n<meta property=\"article:modified_time\" content=\"2024-06-08T10:00:12+00:00\" \/>\n<meta property=\"og:image\" content=\"https:\/\/www.kancompany.sk\/wp-content\/uploads\/2024\/06\/kontakt.jpg\" \/>\n\t<meta property=\"og:image:width\" content=\"923\" \/>\n\t<meta property=\"og:image:height\" content=\"450\" \/>\n\t<meta property=\"og:image:type\" content=\"image\/jpeg\" \/>\n<meta name=\"twitter:card\" content=\"summary_large_image\" \/>\n<meta name=\"twitter:label1\" content=\"Predpokladan\u00fd \u010das \u010d\u00edtania\" \/>\n\t<meta name=\"twitter:data1\" content=\"1 min\u00fata\" \/>\n<script type=\"application\/ld+json\" class=\"yoast-schema-graph\">{\"@context\":\"https:\/\/schema.org\",\"@graph\":[{\"@type\":\"WebPage\",\"@id\":\"https:\/\/www.kancompany.sk\/?page_id=101\",\"url\":\"https:\/\/www.kancompany.sk\/?page_id=101\",\"name\":\"Kontakt - K\u00e1n company, s.r.o.\",\"isPartOf\":{\"@id\":\"https:\/\/www.kancompany.sk\/#website\"},\"primaryImageOfPage\":{\"@id\":\"https:\/\/www.kancompany.sk\/?page_id=101#primaryimage\"},\"image\":{\"@id\":\"https:\/\/www.kancompany.sk\/?page_id=101#primaryimage\"},\"thumbnailUrl\":\"https:\/\/www.kancompany.sk\/wp-content\/uploads\/2024\/06\/kontakt.jpg\",\"datePublished\":\"2024-06-08T10:00:11+00:00\",\"dateModified\":\"2024-06-08T10:00:12+00:00\",\"breadcrumb\":{\"@id\":\"https:\/\/www.kancompany.sk\/?page_id=101#breadcrumb\"},\"inLanguage\":\"sk-SK\",\"potentialAction\":[{\"@type\":\"ReadAction\",\"target\":[\"https:\/\/www.kancompany.sk\/?page_id=101\"]}]},{\"@type\":\"ImageObject\",\"inLanguage\":\"sk-SK\",\"@id\":\"https:\/\/www.kancompany.sk\/?page_id=101#primaryimage\",\"url\":\"https:\/\/www.kancompany.sk\/wp-content\/uploads\/2024\/06\/kontakt.jpg\",\"contentUrl\":\"https:\/\/www.kancompany.sk\/wp-content\/uploads\/2024\/06\/kontakt.jpg\",\"width\":923,\"height\":450},{\"@type\":\"BreadcrumbList\",\"@id\":\"https:\/\/www.kancompany.sk\/?page_id=101#breadcrumb\",\"itemListElement\":[{\"@type\":\"ListItem\",\"position\":1,\"name\":\"Home\",\"item\":\"https:\/\/www.kancompany.sk\/\"},{\"@type\":\"ListItem\",\"position\":2,\"name\":\"Kontakt\"}]},{\"@type\":\"WebSite\",\"@id\":\"https:\/\/www.kancompany.sk\/#website\",\"url\":\"https:\/\/www.kancompany.sk\/\",\"name\":\"K\u00e1n company, s.r.o.\",\"description\":\"Rodinn\u00e1 firma est. 2023\",\"potentialAction\":[{\"@type\":\"SearchAction\",\"target\":{\"@type\":\"EntryPoint\",\"urlTemplate\":\"https:\/\/www.kancompany.sk\/?s={search_term_string}\"},\"query-input\":{\"@type\":\"PropertyValueSpecification\",\"valueRequired\":true,\"valueName\":\"search_term_string\"}}],\"inLanguage\":\"sk-SK\"}]}<\/script>\n<!-- \/ Yoast SEO plugin. -->","yoast_head_json":{"title":"Kontakt - K\u00e1n company, s.r.o.","robots":{"index":"index","follow":"follow","max-snippet":"max-snippet:-1","max-image-preview":"max-image-preview:large","max-video-preview":"max-video-preview:-1"},"canonical":"https:\/\/www.kancompany.sk\/?page_id=101","og_locale":"sk_SK","og_type":"article","og_title":"Kontakt - K\u00e1n company, s.r.o.","og_description":"S\u00eddlo firmy: Hlavn\u00e1 271\/49, 976 64 Bac\u00fach N\u00e1kladn\u00e1 doprava, zemn\u00e9 pr\u00e1ce: K\u00e1n J\u00e1n +421&nbsp;918&nbsp;626&nbsp;937 jan.kan@kancompany.sk \u00da\u010dtovn\u00edctvo, mzdy a personalistika: K\u00e1nov\u00e1 Alena +421&nbsp;903&nbsp;966&nbsp;736 akanova@kancompany.sk","og_url":"https:\/\/www.kancompany.sk\/?page_id=101","og_site_name":"K\u00e1n company, s.r.o.","article_modified_time":"2024-06-08T10:00:12+00:00","og_image":[{"width":923,"height":450,"url":"https:\/\/www.kancompany.sk\/wp-content\/uploads\/2024\/06\/kontakt.jpg","type":"image\/jpeg"}],"twitter_card":"summary_large_image","twitter_misc":{"Predpokladan\u00fd \u010das \u010d\u00edtania":"1 min\u00fata"},"schema":{"@context":"https:\/\/schema.org","@graph":[{"@type":"WebPage","@id":"https:\/\/www.kancompany.sk\/?page_id=101","url":"https:\/\/www.kancompany.sk\/?page_id=101","name":"Kontakt - K\u00e1n company, s.r.o.","isPartOf":{"@id":"https:\/\/www.kancompany.sk\/#website"},"primaryImageOfPage":{"@id":"https:\/\/www.kancompany.sk\/?page_id=101#primaryimage"},"image":{"@id":"https:\/\/www.kancompany.sk\/?page_id=101#primaryimage"},"thumbnailUrl":"https:\/\/www.kancompany.sk\/wp-content\/uploads\/2024\/06\/kontakt.jpg","datePublished":"2024-06-08T10:00:11+00:00","dateModified":"2024-06-08T10:00:12+00:00","breadcrumb":{"@id":"https:\/\/www.kancompany.sk\/?page_id=101#breadcrumb"},"inLanguage":"sk-SK","potentialAction":[{"@type":"ReadAction","target":["https:\/\/www.kancompany.sk\/?page_id=101"]}]},{"@type":"ImageObject","inLanguage":"sk-SK","@id":"https:\/\/www.kancompany.sk\/?page_id=101#primaryimage","url":"https:\/\/www.kancompany.sk\/wp-content\/uploads\/2024\/06\/kontakt.jpg","contentUrl":"https:\/\/www.kancompany.sk\/wp-content\/uploads\/2024\/06\/kontakt.jpg","width":923,"height":450},{"@type":"BreadcrumbList","@id":"https:\/\/www.kancompany.sk\/?page_id=101#breadcrumb","itemListElement":[{"@type":"ListItem","position":1,"name":"Home","item":"https:\/\/www.kancompany.sk\/"},{"@type":"ListItem","position":2,"name":"Kontakt"}]},{"@type":"WebSite","@id":"https:\/\/www.kancompany.sk\/#website","url":"https:\/\/www.kancompany.sk\/","name":"K\u00e1n company, s.r.o.","description":"Rodinn\u00e1 firma est. 2023","potentialAction":[{"@type":"SearchAction","target":{"@type":"EntryPoint","urlTemplate":"https:\/\/www.kancompany.sk\/?s={search_term_string}"},"query-input":{"@type":"PropertyValueSpecification","valueRequired":true,"valueName":"search_term_string"}}],"inLanguage":"sk-SK"}]}},"_links":{"self":[{"href":"https:\/\/www.kancompany.sk\/index.php?rest_route=\/wp\/v2\/pages\/101","targetHints":{"allow":["GET"]}}],"collection":[{"href":"https:\/\/www.kancompany.sk\/index.php?rest_route=\/wp\/v2\/pages"}],"about":[{"href":"https:\/\/www.kancompany.sk\/index.php?rest_route=\/wp\/v2\/types\/page"}],"author":[{"embeddable":true,"href":"https:\/\/www.kancompany.sk\/index.php?rest_route=\/wp\/v2\/users\/1"}],"replies":[{"embeddable":true,"href":"https:\/\/www.kancompany.sk\/index.php?rest_route=%2Fwp%2Fv2%2Fcomments&post=101"}],"version-history":[{"count":1,"href":"https:\/\/www.kancompany.sk\/index.php?rest_route=\/wp\/v2\/pages\/101\/revisions"}],"predecessor-version":[{"id":102,"href":"https:\/\/www.kancompany.sk\/index.php?rest_route=\/wp\/v2\/pages\/101\/revisions\/102"}],"wp:featuredmedia":[{"embeddable":true,"href":"https:\/\/www.kancompany.sk\/index.php?rest_route=\/wp\/v2\/media\/61"}],"wp:attachment":[{"href":"https:\/\/www.kancompany.sk\/index.php?rest_route=%2Fwp%2Fv2%2Fmedia&parent=101"}],"curies":[{"name":"wp","href":"https:\/\/api.w.org\/{rel}","templated":true}]}}